{"id":39,"date":"2017-06-30T14:45:28","date_gmt":"2017-06-30T13:45:28","guid":{"rendered":"http:\/\/razarian.fr\/site\/?page_id=39"},"modified":"2024-03-10T01:18:41","modified_gmt":"2024-03-10T00:18:41","slug":"notre-histoire","status":"publish","type":"page","link":"http:\/\/razarian.fr\/site\/notre-histoire\/","title":{"rendered":"Histoire"},"content":{"rendered":"<ul>\n<li>2017 Analyste Fonction \/ IT Manager &#8211; <a href=\"https:\/\/www.dekra-automotivesolutions.com\/fr\/\">Dekra Automotive Solution, Bordeaux \u00a0 <\/a><a href=\"http:\/\/razarian.fr\/site\/wp-content\/uploads\/2017\/06\/logodekra.jpg\"><img loading=\"lazy\" decoding=\"async\" class=\"alignnone wp-image-422\" src=\"http:\/\/razarian.fr\/site\/wp-content\/uploads\/2017\/06\/logodekra-300x158.jpg\" alt=\"\" width=\"154\" height=\"81\" srcset=\"http:\/\/razarian.fr\/site\/wp-content\/uploads\/2017\/06\/logodekra-300x158.jpg 300w, http:\/\/razarian.fr\/site\/wp-content\/uploads\/2017\/06\/logodekra.jpg 485w\" sizes=\"(max-width: 154px) 100vw, 154px\" \/><\/a><\/li>\n<li>2011 Charg\u00e9 Syst\u00e8mes d&rsquo;Information \/ Ergonome &#8211; <a href=\"http:\/\/ingeliance.com\" target=\"_blank\" rel=\"noopener noreferrer\">Groupe INGELIANCE, M\u00e9rignac<\/a>\u00a0\u00a0\u00a0 \u00a0 \u00a0 \u00a0 \u00a0\u00a0 <a href=\"http:\/\/ingeliance.com\"><img loading=\"lazy\" decoding=\"async\" class=\"alignnone wp-image-192\" src=\"http:\/\/razarian.fr\/site\/wp-content\/uploads\/2017\/06\/64100ALTEP_logo-bourget-300x104.jpg\" alt=\"\" width=\"176\" height=\"61\" srcset=\"http:\/\/razarian.fr\/site\/wp-content\/uploads\/2017\/06\/64100ALTEP_logo-bourget-300x104.jpg 300w, http:\/\/razarian.fr\/site\/wp-content\/uploads\/2017\/06\/64100ALTEP_logo-bourget-768x267.jpg 768w, http:\/\/razarian.fr\/site\/wp-content\/uploads\/2017\/06\/64100ALTEP_logo-bourget.jpg 925w\" sizes=\"(max-width: 176px) 100vw, 176px\" \/><\/a><\/li>\n<\/ul>\n<ul>\n<li>2007 Ing\u00e9nieur \u00c9tude, D\u00e9veloppement et Facteur Humains &#8211; <a href=\"https:\/\/www.akka-technologies.com\/fr\" target=\"_blank\" rel=\"noopener noreferrer\">AKKA Technologies, M\u00e9rignac<\/a>\u00a0\u00a0\u00a0 <a href=\"https:\/\/www.akka-technologies.com\/fr\"><img loading=\"lazy\" decoding=\"async\" class=\"alignnone wp-image-194\" src=\"http:\/\/razarian.fr\/site\/wp-content\/uploads\/2017\/06\/Akka-300x180.jpg\" alt=\"\" width=\"96\" height=\"58\" srcset=\"http:\/\/razarian.fr\/site\/wp-content\/uploads\/2017\/06\/Akka-300x180.jpg 300w, http:\/\/razarian.fr\/site\/wp-content\/uploads\/2017\/06\/Akka.jpg 500w\" sizes=\"(max-width: 96px) 100vw, 96px\" \/><\/a><\/li>\n<\/ul>\n<ul>\n<li>2007 Dipl\u00f4me Ing\u00e9nieur en cognitique (Mention Bien) &#8211; <a href=\"https:\/\/ensc.bordeaux-inp.fr\/\">Institut de Cognitique, ENSC<\/a> de l\u2019Institut Polytechnique de Bordeaux depuis 2009<a href=\"https:\/\/ensc.bordeaux-inp.fr\/\">\u00a0\u00a0\u00a0\u00a0 <\/a><a href=\"https:\/\/ensc.bordeaux-inp.fr\/\"><img loading=\"lazy\" decoding=\"async\" class=\"alignnone wp-image-498\" src=\"http:\/\/razarian.fr\/site\/wp-content\/uploads\/2024\/03\/Logo_ensc_2021.svg-1024x271-1-300x79.png\" alt=\"\" width=\"118\" height=\"31\" srcset=\"http:\/\/razarian.fr\/site\/wp-content\/uploads\/2024\/03\/Logo_ensc_2021.svg-1024x271-1-300x79.png 300w, http:\/\/razarian.fr\/site\/wp-content\/uploads\/2024\/03\/Logo_ensc_2021.svg-1024x271-1-768x203.png 768w, http:\/\/razarian.fr\/site\/wp-content\/uploads\/2024\/03\/Logo_ensc_2021.svg-1024x271-1.png 1024w\" sizes=\"(max-width: 118px) 100vw, 118px\" \/><\/a><a href=\"https:\/\/ensc.bordeaux-inp.fr\/\"><img loading=\"lazy\" decoding=\"async\" class=\"alignnone wp-image-189\" src=\"http:\/\/razarian.fr\/site\/wp-content\/uploads\/2017\/06\/120px-Logo_IdC.png\" alt=\"\" width=\"65\" height=\"48\" \/><\/a><\/li>\n<\/ul>\n<ul>\n<li>2007 Stage \u00c9tude et d\u00e9veloppement IHM a\u00e9ronautique &#8211; <a href=\"https:\/\/www.thalesgroup.com\/fr\" target=\"_blank\" rel=\"noopener noreferrer\">THALES Avionics, Le Haillan<\/a><a href=\"https:\/\/www.thalesgroup.com\/fr\">\u00a0\u00a0\u00a0 <img loading=\"lazy\" decoding=\"async\" class=\"alignnone wp-image-193\" src=\"http:\/\/razarian.fr\/site\/wp-content\/uploads\/2017\/06\/Thales_1346845331-300x74.png\" alt=\"\" width=\"179\" height=\"44\" srcset=\"http:\/\/razarian.fr\/site\/wp-content\/uploads\/2017\/06\/Thales_1346845331-300x74.png 300w, http:\/\/razarian.fr\/site\/wp-content\/uploads\/2017\/06\/Thales_1346845331-768x190.png 768w, http:\/\/razarian.fr\/site\/wp-content\/uploads\/2017\/06\/Thales_1346845331-1024x254.png 1024w\" sizes=\"(max-width: 179px) 100vw, 179px\" \/><\/a><\/li>\n<\/ul>\n<ul>\n<li>2006 Stage et CDD Projet de d\u00e9veloppement SI &#8211; <a href=\"http:\/\/ingeliance.com\" target=\"_blank\" rel=\"noopener noreferrer\">ALTEP Ing\u00e9nierie (Groupe Ingeliance), M\u00e9rignac<\/a><a href=\"http:\/\/ingeliance.com\">\u00a0\u00a0\u00a0 <img loading=\"lazy\" decoding=\"async\" class=\"alignnone wp-image-191\" src=\"http:\/\/razarian.fr\/site\/wp-content\/uploads\/2017\/06\/index-300x156.png\" alt=\"\" width=\"120\" height=\"62\" srcset=\"http:\/\/razarian.fr\/site\/wp-content\/uploads\/2017\/06\/index-300x156.png 300w, http:\/\/razarian.fr\/site\/wp-content\/uploads\/2017\/06\/index.png 311w\" sizes=\"(max-width: 120px) 100vw, 120px\" \/> \u00a0 \u00a0 \u00a0\u00a0<\/a><\/li>\n<\/ul>\n<ul>\n<li>2005 Stage Conception et D\u00e9veloppement Informatique\u00a0 &#8211; <a href=\"http:\/\/www.sanofi.fr\" target=\"_blank\" rel=\"noopener noreferrer\">SANOFI Aventis, Ambar\u00e8s\u00a0\u00a0\u00a0 <img loading=\"lazy\" decoding=\"async\" class=\"alignnone wp-image-190\" src=\"http:\/\/razarian.fr\/site\/wp-content\/uploads\/2017\/06\/Sanofi.svg-300x239.png\" alt=\"\" width=\"89\" height=\"71\" srcset=\"http:\/\/razarian.fr\/site\/wp-content\/uploads\/2017\/06\/Sanofi.svg-300x239.png 300w, http:\/\/razarian.fr\/site\/wp-content\/uploads\/2017\/06\/Sanofi.svg-768x611.png 768w, http:\/\/razarian.fr\/site\/wp-content\/uploads\/2017\/06\/Sanofi.svg-1024x814.png 1024w, http:\/\/razarian.fr\/site\/wp-content\/uploads\/2017\/06\/Sanofi.svg.png 1200w\" sizes=\"(max-width: 89px) 100vw, 89px\" \/><\/a><\/li>\n<\/ul>\n<ul>\n<li>2004 Licence d\u2019informatique &#8211; <a href=\"http:\/\/www.u-bordeaux.fr\/Formation\/Composantes-de-formation\/College-Sciences-et-technologies\" target=\"_blank\" rel=\"noopener noreferrer\">Universit\u00e9 BORDEAUX 1<\/a><a href=\"http:\/\/www.u-bordeaux.fr\/Formation\/Composantes-de-formation\/College-Sciences-et-technologies\">\u00a0\u00a0\u00a0 <\/a><a href=\"http:\/\/www.u-bordeaux.fr\/Formation\/Composantes-de-formation\/College-Sciences-et-technologies\"><img loading=\"lazy\" decoding=\"async\" class=\"alignnone wp-image-499\" src=\"http:\/\/razarian.fr\/site\/wp-content\/uploads\/2024\/03\/universite-bordeaux-1-logo.svg_38f1e1e73256935b6528451baf41fd85-271x300.webp\" alt=\"\" width=\"42\" height=\"47\" srcset=\"http:\/\/razarian.fr\/site\/wp-content\/uploads\/2024\/03\/universite-bordeaux-1-logo.svg_38f1e1e73256935b6528451baf41fd85-271x300.webp 271w, http:\/\/razarian.fr\/site\/wp-content\/uploads\/2024\/03\/universite-bordeaux-1-logo.svg_38f1e1e73256935b6528451baf41fd85-927x1024.webp 927w, http:\/\/razarian.fr\/site\/wp-content\/uploads\/2024\/03\/universite-bordeaux-1-logo.svg_38f1e1e73256935b6528451baf41fd85-768x849.webp 768w, http:\/\/razarian.fr\/site\/wp-content\/uploads\/2024\/03\/universite-bordeaux-1-logo.svg_38f1e1e73256935b6528451baf41fd85.webp 1200w\" sizes=\"(max-width: 42px) 100vw, 42px\" \/><\/a><\/li>\n<\/ul>\n<ul>\n<li>2003 DEUG Math\u00e9matiques et Informatique Appliqu\u00e9e aux Sciences &#8211; <a href=\"http:\/\/www.u-bordeaux.fr\/Formation\/Composantes-de-formation\/College-Sciences-et-technologies\" target=\"_blank\" rel=\"noopener noreferrer\">Universit\u00e9 BORDEAUX \u00a0 <\/a><a href=\"http:\/\/www.u-bordeaux.fr\/Formation\/Composantes-de-formation\/College-Sciences-et-technologies\"><img loading=\"lazy\" decoding=\"async\" class=\"alignnone wp-image-499\" src=\"http:\/\/razarian.fr\/site\/wp-content\/uploads\/2024\/03\/universite-bordeaux-1-logo.svg_38f1e1e73256935b6528451baf41fd85-271x300.webp\" alt=\"\" width=\"42\" height=\"47\" srcset=\"http:\/\/razarian.fr\/site\/wp-content\/uploads\/2024\/03\/universite-bordeaux-1-logo.svg_38f1e1e73256935b6528451baf41fd85-271x300.webp 271w, http:\/\/razarian.fr\/site\/wp-content\/uploads\/2024\/03\/universite-bordeaux-1-logo.svg_38f1e1e73256935b6528451baf41fd85-927x1024.webp 927w, http:\/\/razarian.fr\/site\/wp-content\/uploads\/2024\/03\/universite-bordeaux-1-logo.svg_38f1e1e73256935b6528451baf41fd85-768x849.webp 768w, http:\/\/razarian.fr\/site\/wp-content\/uploads\/2024\/03\/universite-bordeaux-1-logo.svg_38f1e1e73256935b6528451baf41fd85.webp 1200w\" sizes=\"(max-width: 42px) 100vw, 42px\" \/><\/a><\/li>\n<\/ul>\n","protected":false},"excerpt":{"rendered":"<p>2017 Analyste Fonction \/ IT Manager &#8211; Dekra Automotive Solution, Bordeaux \u00a0 2011 Charg\u00e9 Syst\u00e8mes d&rsquo;Information \/ Ergonome &#8211; Groupe INGELIANCE, M\u00e9rignac\u00a0\u00a0\u00a0 \u00a0 \u00a0 \u00a0 \u00a0\u00a0 2007 Ing\u00e9nieur \u00c9tude, D\u00e9veloppement et Facteur Humains &#8211; AKKA Technologies, M\u00e9rignac\u00a0\u00a0\u00a0 2007 Dipl\u00f4me Ing\u00e9nieur en cognitique (Mention Bien) &#8211; Institut de Cognitique, ENSC de l\u2019Institut Polytechnique de Bordeaux depuis [&hellip;]<\/p>\n","protected":false},"author":1,"featured_media":204,"parent":0,"menu_order":2,"comment_status":"closed","ping_status":"closed","template":"","meta":{"inline_featured_image":false,"footnotes":""},"yoast_head":"<!-- This site is optimized with the Yoast SEO plugin v22.2 - https:\/\/yoast.com\/wordpress\/plugins\/seo\/ -->\n<title>Histoire - Razarian<\/title>\n<meta name=\"description\" content=\"Conseil, AMOA, Analyse Fonctionnelle, Gestion de projet, UX\/UA et Facteurs Humains, D\u00e9veloppement, SI, NTIC, A\u00e9ronautique\" \/>\n<meta name=\"robots\" content=\"index, follow, max-snippet:-1, max-image-preview:large, max-video-preview:-1\" \/>\n<link rel=\"canonical\" href=\"https:\/\/razarian.fr\/site\/notre-histoire\/\" \/>\n<meta property=\"og:locale\" content=\"fr_FR\" \/>\n<meta property=\"og:type\" content=\"article\" \/>\n<meta property=\"og:title\" content=\"Histoire - Razarian\" \/>\n<meta property=\"og:description\" content=\"Conseil, AMOA, Analyse Fonctionnelle, Gestion de projet, UX\/UA et Facteurs Humains, D\u00e9veloppement, SI, NTIC, A\u00e9ronautique\" \/>\n<meta property=\"og:url\" content=\"https:\/\/razarian.fr\/site\/notre-histoire\/\" \/>\n<meta property=\"og:site_name\" content=\"Razarian\" \/>\n<meta property=\"article:modified_time\" content=\"2024-03-10T00:18:41+00:00\" \/>\n<meta property=\"og:image\" content=\"https:\/\/razarian.fr\/site\/wp-content\/uploads\/2017\/06\/Evolution-des-wissens.jpg\" \/>\n\t<meta property=\"og:image:width\" content=\"2286\" \/>\n\t<meta property=\"og:image:height\" content=\"918\" \/>\n\t<meta property=\"og:image:type\" content=\"image\/jpeg\" \/>\n<meta name=\"twitter:card\" content=\"summary_large_image\" \/>\n<meta name=\"twitter:label1\" content=\"Dur\u00e9e de lecture estim\u00e9e\" \/>\n\t<meta name=\"twitter:data1\" content=\"3 minutes\" \/>\n<script type=\"application\/ld+json\" class=\"yoast-schema-graph\">{\"@context\":\"https:\/\/schema.org\",\"@graph\":[{\"@type\":\"WebPage\",\"@id\":\"https:\/\/razarian.fr\/site\/notre-histoire\/\",\"url\":\"https:\/\/razarian.fr\/site\/notre-histoire\/\",\"name\":\"Histoire - Razarian\",\"isPartOf\":{\"@id\":\"https:\/\/razarian.fr\/site\/#website\"},\"primaryImageOfPage\":{\"@id\":\"https:\/\/razarian.fr\/site\/notre-histoire\/#primaryimage\"},\"image\":{\"@id\":\"https:\/\/razarian.fr\/site\/notre-histoire\/#primaryimage\"},\"thumbnailUrl\":\"http:\/\/razarian.fr\/site\/wp-content\/uploads\/2017\/06\/Evolution-des-wissens.jpg\",\"datePublished\":\"2017-06-30T13:45:28+00:00\",\"dateModified\":\"2024-03-10T00:18:41+00:00\",\"description\":\"Conseil, AMOA, Analyse Fonctionnelle, Gestion de projet, UX\/UA et Facteurs Humains, D\u00e9veloppement, SI, NTIC, A\u00e9ronautique\",\"breadcrumb\":{\"@id\":\"https:\/\/razarian.fr\/site\/notre-histoire\/#breadcrumb\"},\"inLanguage\":\"fr-FR\",\"potentialAction\":[{\"@type\":\"ReadAction\",\"target\":[\"https:\/\/razarian.fr\/site\/notre-histoire\/\"]}]},{\"@type\":\"ImageObject\",\"inLanguage\":\"fr-FR\",\"@id\":\"https:\/\/razarian.fr\/site\/notre-histoire\/#primaryimage\",\"url\":\"http:\/\/razarian.fr\/site\/wp-content\/uploads\/2017\/06\/Evolution-des-wissens.jpg\",\"contentUrl\":\"http:\/\/razarian.fr\/site\/wp-content\/uploads\/2017\/06\/Evolution-des-wissens.jpg\",\"width\":2286,\"height\":918},{\"@type\":\"BreadcrumbList\",\"@id\":\"https:\/\/razarian.fr\/site\/notre-histoire\/#breadcrumb\",\"itemListElement\":[{\"@type\":\"ListItem\",\"position\":1,\"name\":\"Accueil\",\"item\":\"https:\/\/razarian.fr\/site\/\"},{\"@type\":\"ListItem\",\"position\":2,\"name\":\"Histoire\"}]},{\"@type\":\"WebSite\",\"@id\":\"https:\/\/razarian.fr\/site\/#website\",\"url\":\"https:\/\/razarian.fr\/site\/\",\"name\":\"Razarian\",\"description\":\"Des solutions utiles et agr\u00e9ables\",\"publisher\":{\"@id\":\"https:\/\/razarian.fr\/site\/#\/schema\/person\/c6799a8880944d52f0591a9b7a2c5240\"},\"potentialAction\":[{\"@type\":\"SearchAction\",\"target\":{\"@type\":\"EntryPoint\",\"urlTemplate\":\"https:\/\/razarian.fr\/site\/?s={search_term_string}\"},\"query-input\":\"required name=search_term_string\"}],\"inLanguage\":\"fr-FR\"},{\"@type\":[\"Person\",\"Organization\"],\"@id\":\"https:\/\/razarian.fr\/site\/#\/schema\/person\/c6799a8880944d52f0591a9b7a2c5240\",\"name\":\"R\u00e9gis AZARIAN\",\"image\":{\"@type\":\"ImageObject\",\"inLanguage\":\"fr-FR\",\"@id\":\"https:\/\/razarian.fr\/site\/#\/schema\/person\/image\/\",\"url\":\"http:\/\/razarian.fr\/site\/wp-content\/uploads\/2017\/06\/logo_tr_bl_razarian.png\",\"contentUrl\":\"http:\/\/razarian.fr\/site\/wp-content\/uploads\/2017\/06\/logo_tr_bl_razarian.png\",\"width\":212,\"height\":70,\"caption\":\"R\u00e9gis AZARIAN\"},\"logo\":{\"@id\":\"https:\/\/razarian.fr\/site\/#\/schema\/person\/image\/\"},\"sameAs\":[\"http:\/\/razarian.fr\",\"https:\/\/fr.linkedin.com\/in\/azarian-rgis-69383744\"]}]}<\/script>\n<!-- \/ Yoast SEO plugin. -->","yoast_head_json":{"title":"Histoire - Razarian","description":"Conseil, AMOA, Analyse Fonctionnelle, Gestion de projet, UX\/UA et Facteurs Humains, D\u00e9veloppement, SI, NTIC, A\u00e9ronautique","robots":{"index":"index","follow":"follow","max-snippet":"max-snippet:-1","max-image-preview":"max-image-preview:large","max-video-preview":"max-video-preview:-1"},"canonical":"https:\/\/razarian.fr\/site\/notre-histoire\/","og_locale":"fr_FR","og_type":"article","og_title":"Histoire - Razarian","og_description":"Conseil, AMOA, Analyse Fonctionnelle, Gestion de projet, UX\/UA et Facteurs Humains, D\u00e9veloppement, SI, NTIC, A\u00e9ronautique","og_url":"https:\/\/razarian.fr\/site\/notre-histoire\/","og_site_name":"Razarian","article_modified_time":"2024-03-10T00:18:41+00:00","og_image":[{"width":2286,"height":918,"url":"https:\/\/razarian.fr\/site\/wp-content\/uploads\/2017\/06\/Evolution-des-wissens.jpg","type":"image\/jpeg"}],"twitter_card":"summary_large_image","twitter_misc":{"Dur\u00e9e de lecture estim\u00e9e":"3 minutes"},"schema":{"@context":"https:\/\/schema.org","@graph":[{"@type":"WebPage","@id":"https:\/\/razarian.fr\/site\/notre-histoire\/","url":"https:\/\/razarian.fr\/site\/notre-histoire\/","name":"Histoire - Razarian","isPartOf":{"@id":"https:\/\/razarian.fr\/site\/#website"},"primaryImageOfPage":{"@id":"https:\/\/razarian.fr\/site\/notre-histoire\/#primaryimage"},"image":{"@id":"https:\/\/razarian.fr\/site\/notre-histoire\/#primaryimage"},"thumbnailUrl":"http:\/\/razarian.fr\/site\/wp-content\/uploads\/2017\/06\/Evolution-des-wissens.jpg","datePublished":"2017-06-30T13:45:28+00:00","dateModified":"2024-03-10T00:18:41+00:00","description":"Conseil, AMOA, Analyse Fonctionnelle, Gestion de projet, UX\/UA et Facteurs Humains, D\u00e9veloppement, SI, NTIC, A\u00e9ronautique","breadcrumb":{"@id":"https:\/\/razarian.fr\/site\/notre-histoire\/#breadcrumb"},"inLanguage":"fr-FR","potentialAction":[{"@type":"ReadAction","target":["https:\/\/razarian.fr\/site\/notre-histoire\/"]}]},{"@type":"ImageObject","inLanguage":"fr-FR","@id":"https:\/\/razarian.fr\/site\/notre-histoire\/#primaryimage","url":"http:\/\/razarian.fr\/site\/wp-content\/uploads\/2017\/06\/Evolution-des-wissens.jpg","contentUrl":"http:\/\/razarian.fr\/site\/wp-content\/uploads\/2017\/06\/Evolution-des-wissens.jpg","width":2286,"height":918},{"@type":"BreadcrumbList","@id":"https:\/\/razarian.fr\/site\/notre-histoire\/#breadcrumb","itemListElement":[{"@type":"ListItem","position":1,"name":"Accueil","item":"https:\/\/razarian.fr\/site\/"},{"@type":"ListItem","position":2,"name":"Histoire"}]},{"@type":"WebSite","@id":"https:\/\/razarian.fr\/site\/#website","url":"https:\/\/razarian.fr\/site\/","name":"Razarian","description":"Des solutions utiles et agr\u00e9ables","publisher":{"@id":"https:\/\/razarian.fr\/site\/#\/schema\/person\/c6799a8880944d52f0591a9b7a2c5240"},"potentialAction":[{"@type":"SearchAction","target":{"@type":"EntryPoint","urlTemplate":"https:\/\/razarian.fr\/site\/?s={search_term_string}"},"query-input":"required name=search_term_string"}],"inLanguage":"fr-FR"},{"@type":["Person","Organization"],"@id":"https:\/\/razarian.fr\/site\/#\/schema\/person\/c6799a8880944d52f0591a9b7a2c5240","name":"R\u00e9gis AZARIAN","image":{"@type":"ImageObject","inLanguage":"fr-FR","@id":"https:\/\/razarian.fr\/site\/#\/schema\/person\/image\/","url":"http:\/\/razarian.fr\/site\/wp-content\/uploads\/2017\/06\/logo_tr_bl_razarian.png","contentUrl":"http:\/\/razarian.fr\/site\/wp-content\/uploads\/2017\/06\/logo_tr_bl_razarian.png","width":212,"height":70,"caption":"R\u00e9gis AZARIAN"},"logo":{"@id":"https:\/\/razarian.fr\/site\/#\/schema\/person\/image\/"},"sameAs":["http:\/\/razarian.fr","https:\/\/fr.linkedin.com\/in\/azarian-rgis-69383744"]}]}},"_links":{"self":[{"href":"http:\/\/razarian.fr\/site\/wp-json\/wp\/v2\/pages\/39"}],"collection":[{"href":"http:\/\/razarian.fr\/site\/wp-json\/wp\/v2\/pages"}],"about":[{"href":"http:\/\/razarian.fr\/site\/wp-json\/wp\/v2\/types\/page"}],"author":[{"embeddable":true,"href":"http:\/\/razarian.fr\/site\/wp-json\/wp\/v2\/users\/1"}],"replies":[{"embeddable":true,"href":"http:\/\/razarian.fr\/site\/wp-json\/wp\/v2\/comments?post=39"}],"version-history":[{"count":30,"href":"http:\/\/razarian.fr\/site\/wp-json\/wp\/v2\/pages\/39\/revisions"}],"predecessor-version":[{"id":502,"href":"http:\/\/razarian.fr\/site\/wp-json\/wp\/v2\/pages\/39\/revisions\/502"}],"wp:featuredmedia":[{"embeddable":true,"href":"http:\/\/razarian.fr\/site\/wp-json\/wp\/v2\/media\/204"}],"wp:attachment":[{"href":"http:\/\/razarian.fr\/site\/wp-json\/wp\/v2\/media?parent=39"}],"curies":[{"name":"wp","href":"https:\/\/api.w.org\/{rel}","templated":true}]}}