{"id":48,"date":"2017-06-30T15:00:08","date_gmt":"2017-06-30T14:00:08","guid":{"rendered":"http:\/\/razarian.fr\/site\/?page_id=48"},"modified":"2024-05-27T14:46:41","modified_gmt":"2024-05-27T13:46:41","slug":"gestion-de-projet","status":"publish","type":"page","link":"http:\/\/razarian.fr\/site\/realisations\/gestion-de-projet\/","title":{"rendered":"Gestion de projet"},"content":{"rendered":"<h3>Gestion de projet strat\u00e9gique et organisationnel.<\/h3>\n<table class=\"realisations\">\n<tbody>\n<tr>\n<td>\n<h5>Performance des SI<\/h5>\n<p>Prise en charge de la refonte des outils de gestion informatique dans le cadre du projet strat\u00e9gique d&rsquo;<strong>am\u00e9lioration des performances<\/strong> du <a href=\"http:\/\/www.ingeliance.com\" target=\"_blank\" rel=\"noopener noreferrer\">Groupe Ingeliance<\/a>.<!--more-->En charge des Syst\u00e8mes d&rsquo;Information du groupe, rattach\u00e9 \u00e0 la Direction Financi\u00e8re et SI, <strong>pilotage des travaux men\u00e9s par l&rsquo;\u00e9quipe projet<\/strong> &#8230;<\/td>\n<td><a href=\"http:\/\/razarian.fr\/site\/wp-content\/uploads\/2017\/06\/projet_strat_orga0.jpg\"><img loading=\"lazy\" decoding=\"async\" class=\"alignnone wp-image-348 size-medium\" src=\"http:\/\/razarian.fr\/site\/wp-content\/uploads\/2017\/06\/projet_strat_orga0-300x156.jpg\" alt=\"\" width=\"300\" height=\"156\" srcset=\"http:\/\/razarian.fr\/site\/wp-content\/uploads\/2017\/06\/projet_strat_orga0-300x156.jpg 300w, http:\/\/razarian.fr\/site\/wp-content\/uploads\/2017\/06\/projet_strat_orga0-768x399.jpg 768w, http:\/\/razarian.fr\/site\/wp-content\/uploads\/2017\/06\/projet_strat_orga0-1024x532.jpg 1024w, http:\/\/razarian.fr\/site\/wp-content\/uploads\/2017\/06\/projet_strat_orga0.jpg 1231w\" sizes=\"(max-width: 300px) 100vw, 300px\" \/><\/a><\/td>\n<\/tr>\n<\/tbody>\n<\/table>\n<h3>Ma\u00eetrise d&rsquo;Ouvrage.<\/h3>\n<table class=\"realisations\">\n<tbody>\n<tr>\n<td>\n<h5>D\u00e9ploiement d&rsquo;ERP<\/h5>\n<p>Gestion de bout en bout de projet d&rsquo;int\u00e9gration d&rsquo;un ERP pour le <a href=\"http:\/\/www.ingeliance.com\" target=\"_blank\" rel=\"noopener noreferrer\">Groupe Ingeliance<\/a> (groupe multi-soci\u00e9t\u00e9 et multi-site de 500 collaborateurs)<!--more-->Pilotage, d\u00e9ploiement et suivi du projet au sein d&rsquo;une \u00e9quipe int\u00e9grant toutes les fonctions manag\u00e9riales et support de l&rsquo;entreprise&#8230;<br \/>\n<!--Analyse Fonctionnelle\/R\u00e9partition\/Planning interne et sous traitant\/Co\u00fbts\/Validation\/Formation\/Conduite du changement --><\/td>\n<td><a href=\"http:\/\/razarian.fr\/site\/wp-content\/uploads\/2017\/06\/MOA0.png\"><img loading=\"lazy\" decoding=\"async\" class=\"alignnone wp-image-344 size-medium\" src=\"http:\/\/razarian.fr\/site\/wp-content\/uploads\/2017\/06\/MOA0-300x212.png\" alt=\"\" width=\"300\" height=\"212\" srcset=\"http:\/\/razarian.fr\/site\/wp-content\/uploads\/2017\/06\/MOA0-300x212.png 300w, http:\/\/razarian.fr\/site\/wp-content\/uploads\/2017\/06\/MOA0-768x542.png 768w, http:\/\/razarian.fr\/site\/wp-content\/uploads\/2017\/06\/MOA0.png 960w\" sizes=\"(max-width: 300px) 100vw, 300px\" \/><\/a><\/td>\n<\/tr>\n<\/tbody>\n<\/table>\n<table class=\"realisations\">\n<tbody>\n<tr>\n<td>\n<h5>Mise en place de logiciels RH<\/h5>\n<p>Mise en place d&rsquo;une solution multi agence de gestion de CV pour le recrutement et le suivi de candidature chez <a href=\"http:\/\/www.ingeliance.com\" target=\"_blank\" rel=\"noopener noreferrer\">Altep Ing\u00e9nierie<\/a><\/p>\n<p>R\u00e9alisation compl\u00e8te du projet en autonomie avec l&rsquo;intervention des demandeurs et utilisateurs. Analyse fonctionnelle, cahier des charges fonctionnel et technique, test et validation.<\/td>\n<td><a href=\"http:\/\/razarian.fr\/site\/wp-content\/uploads\/2017\/06\/MOA3.jpg\"><img loading=\"lazy\" decoding=\"async\" class=\"alignnone wp-image-346 size-medium\" src=\"http:\/\/razarian.fr\/site\/wp-content\/uploads\/2017\/06\/MOA3-300x164.jpg\" alt=\"\" width=\"300\" height=\"164\" srcset=\"http:\/\/razarian.fr\/site\/wp-content\/uploads\/2017\/06\/MOA3-300x164.jpg 300w, http:\/\/razarian.fr\/site\/wp-content\/uploads\/2017\/06\/MOA3.jpg 550w\" sizes=\"(max-width: 300px) 100vw, 300px\" \/><\/a><\/td>\n<\/tr>\n<\/tbody>\n<\/table>\n<h3>Ma\u00eetrise d&rsquo;Oeuvre.<\/h3>\n<table class=\"realisations\">\n<tbody>\n<tr>\n<td>\n<h5>Refonte d&rsquo;un Syst\u00e8me d&rsquo;Information M\u00e9tier<\/h5>\n<p>Analyse fonctionnelle et pilotage du Backlog d&rsquo;un projet de refonte compl\u00e8te du Syst\u00e8me d&rsquo;Information de <a href=\"https:\/\/www.dekra-automotivesolutions.com\/fr\/\">Dekra Automotive Solution<\/a>. Analyse et mod\u00e9lisation de processus, Event Storming, Story Mapping, d\u00e9finition du Minimum Viable Product, Conception Fonctionnelle, d\u00e9coupage en User Stories, pilotage des it\u00e9rations jusqu&rsquo;\u00e0 la livraison \u00e0 la MOA. (<a href=\"https:\/\/razarianpro.atlassian.net\/wiki\/spaces\/GTVv1\/\">exemple de produits<\/a>)<\/td>\n<td><a href=\"http:\/\/razarian.fr\/site\/wp-content\/uploads\/2017\/06\/moe1.jpg\"><img loading=\"lazy\" decoding=\"async\" class=\"alignnone wp-image-417 size-medium\" src=\"http:\/\/razarian.fr\/site\/wp-content\/uploads\/2017\/06\/moe1-300x164.jpg\" alt=\"\" width=\"300\" height=\"164\" srcset=\"http:\/\/razarian.fr\/site\/wp-content\/uploads\/2017\/06\/moe1-300x164.jpg 300w, http:\/\/razarian.fr\/site\/wp-content\/uploads\/2017\/06\/moe1.jpg 550w\" sizes=\"(max-width: 300px) 100vw, 300px\" \/><\/a><\/td>\n<\/tr>\n<\/tbody>\n<\/table>\n<table class=\"realisations\">\n<tbody>\n<tr>\n<td>\n<h5>Dispositif de pr\u00e9paration de mission a\u00e9rienne militaire<\/h5>\n<p>Pilotage technique d&rsquo;un projet de prototypage de dispositif portable d&rsquo;aide \u00e0 la r\u00e9alisation de missions a\u00e9riennes militaires pour <a href=\"https:\/\/www.thalesgroup.com\/fr\/global\/activities\/aeronautique\" target=\"_blank\" rel=\"noopener noreferrer\">Thales Avionics<\/a>.\u00c9tude, pr\u00e9-maquettage, validation, r\u00e9alisation et livraison dans le respect des d\u00e9lais et co\u00fbts fix\u00e9s en accord avec le client.<\/td>\n<td><a href=\"http:\/\/razarian.fr\/site\/wp-content\/uploads\/2017\/06\/MOE.jpg\"><img loading=\"lazy\" decoding=\"async\" class=\"alignnone wp-image-324 size-medium\" src=\"http:\/\/razarian.fr\/site\/wp-content\/uploads\/2017\/06\/MOE-300x164.jpg\" alt=\"\" width=\"350\" height=\"164\" \/><\/a><\/td>\n<\/tr>\n<\/tbody>\n<\/table>\n","protected":false},"excerpt":{"rendered":"<p>Gestion de projet strat\u00e9gique et organisationnel. Performance des SI Prise en charge de la refonte des outils de gestion informatique dans le cadre du projet strat\u00e9gique d&rsquo;am\u00e9lioration des performances du Groupe Ingeliance.<\/p>\n","protected":false},"author":1,"featured_media":118,"parent":2,"menu_order":0,"comment_status":"closed","ping_status":"closed","template":"","meta":{"inline_featured_image":false,"footnotes":""},"yoast_head":"<!-- This site is optimized with the Yoast SEO plugin v22.2 - https:\/\/yoast.com\/wordpress\/plugins\/seo\/ -->\n<title>Gestion de projet - Razarian<\/title>\n<meta name=\"description\" content=\"Conseil, AMOA, Analyse Fonctionnelle, Gestion de projet, UX\/UA et Facteurs Humains, D\u00e9veloppement, SI, NTIC, A\u00e9ronautique\" \/>\n<meta name=\"robots\" content=\"index, follow, max-snippet:-1, max-image-preview:large, max-video-preview:-1\" \/>\n<link rel=\"canonical\" href=\"http:\/\/razarian.fr\/site\/realisations\/gestion-de-projet\/\" \/>\n<meta property=\"og:locale\" content=\"fr_FR\" \/>\n<meta property=\"og:type\" content=\"article\" \/>\n<meta property=\"og:title\" content=\"Gestion de projet - Razarian\" \/>\n<meta property=\"og:description\" content=\"Conseil, AMOA, Analyse Fonctionnelle, Gestion de projet, UX\/UA et Facteurs Humains, D\u00e9veloppement, SI, NTIC, A\u00e9ronautique\" \/>\n<meta property=\"og:url\" content=\"http:\/\/razarian.fr\/site\/realisations\/gestion-de-projet\/\" \/>\n<meta property=\"og:site_name\" content=\"Razarian\" \/>\n<meta property=\"article:modified_time\" content=\"2024-05-27T13:46:41+00:00\" \/>\n<meta property=\"og:image\" content=\"http:\/\/razarian.fr\/site\/wp-content\/uploads\/2017\/06\/network-1987209_1920.jpg\" \/>\n\t<meta property=\"og:image:width\" content=\"1920\" \/>\n\t<meta property=\"og:image:height\" content=\"1280\" \/>\n\t<meta property=\"og:image:type\" content=\"image\/jpeg\" \/>\n<meta name=\"twitter:card\" content=\"summary_large_image\" \/>\n<meta name=\"twitter:label1\" content=\"Dur\u00e9e de lecture estim\u00e9e\" \/>\n\t<meta name=\"twitter:data1\" content=\"3 minutes\" \/>\n<script type=\"application\/ld+json\" class=\"yoast-schema-graph\">{\"@context\":\"https:\/\/schema.org\",\"@graph\":[{\"@type\":\"WebPage\",\"@id\":\"http:\/\/razarian.fr\/site\/realisations\/gestion-de-projet\/\",\"url\":\"http:\/\/razarian.fr\/site\/realisations\/gestion-de-projet\/\",\"name\":\"Gestion de projet - Razarian\",\"isPartOf\":{\"@id\":\"https:\/\/razarian.fr\/site\/#website\"},\"primaryImageOfPage\":{\"@id\":\"http:\/\/razarian.fr\/site\/realisations\/gestion-de-projet\/#primaryimage\"},\"image\":{\"@id\":\"http:\/\/razarian.fr\/site\/realisations\/gestion-de-projet\/#primaryimage\"},\"thumbnailUrl\":\"http:\/\/razarian.fr\/site\/wp-content\/uploads\/2017\/06\/network-1987209_1920.jpg\",\"datePublished\":\"2017-06-30T14:00:08+00:00\",\"dateModified\":\"2024-05-27T13:46:41+00:00\",\"description\":\"Conseil, AMOA, Analyse Fonctionnelle, Gestion de projet, UX\/UA et Facteurs Humains, D\u00e9veloppement, SI, NTIC, A\u00e9ronautique\",\"breadcrumb\":{\"@id\":\"http:\/\/razarian.fr\/site\/realisations\/gestion-de-projet\/#breadcrumb\"},\"inLanguage\":\"fr-FR\",\"potentialAction\":[{\"@type\":\"ReadAction\",\"target\":[\"http:\/\/razarian.fr\/site\/realisations\/gestion-de-projet\/\"]}]},{\"@type\":\"ImageObject\",\"inLanguage\":\"fr-FR\",\"@id\":\"http:\/\/razarian.fr\/site\/realisations\/gestion-de-projet\/#primaryimage\",\"url\":\"http:\/\/razarian.fr\/site\/wp-content\/uploads\/2017\/06\/network-1987209_1920.jpg\",\"contentUrl\":\"http:\/\/razarian.fr\/site\/wp-content\/uploads\/2017\/06\/network-1987209_1920.jpg\",\"width\":1920,\"height\":1280},{\"@type\":\"BreadcrumbList\",\"@id\":\"http:\/\/razarian.fr\/site\/realisations\/gestion-de-projet\/#breadcrumb\",\"itemListElement\":[{\"@type\":\"ListItem\",\"position\":1,\"name\":\"Accueil\",\"item\":\"https:\/\/razarian.fr\/site\/\"},{\"@type\":\"ListItem\",\"position\":2,\"name\":\"R\u00e9alisations\",\"item\":\"http:\/\/razarian.fr\/site\/realisations\/\"},{\"@type\":\"ListItem\",\"position\":3,\"name\":\"Gestion de projet\"}]},{\"@type\":\"WebSite\",\"@id\":\"https:\/\/razarian.fr\/site\/#website\",\"url\":\"https:\/\/razarian.fr\/site\/\",\"name\":\"Razarian\",\"description\":\"Des solutions utiles et agr\u00e9ables\",\"publisher\":{\"@id\":\"https:\/\/razarian.fr\/site\/#\/schema\/person\/c6799a8880944d52f0591a9b7a2c5240\"},\"potentialAction\":[{\"@type\":\"SearchAction\",\"target\":{\"@type\":\"EntryPoint\",\"urlTemplate\":\"https:\/\/razarian.fr\/site\/?s={search_term_string}\"},\"query-input\":\"required name=search_term_string\"}],\"inLanguage\":\"fr-FR\"},{\"@type\":[\"Person\",\"Organization\"],\"@id\":\"https:\/\/razarian.fr\/site\/#\/schema\/person\/c6799a8880944d52f0591a9b7a2c5240\",\"name\":\"R\u00e9gis AZARIAN\",\"image\":{\"@type\":\"ImageObject\",\"inLanguage\":\"fr-FR\",\"@id\":\"https:\/\/razarian.fr\/site\/#\/schema\/person\/image\/\",\"url\":\"http:\/\/razarian.fr\/site\/wp-content\/uploads\/2017\/06\/logo_tr_bl_razarian.png\",\"contentUrl\":\"http:\/\/razarian.fr\/site\/wp-content\/uploads\/2017\/06\/logo_tr_bl_razarian.png\",\"width\":212,\"height\":70,\"caption\":\"R\u00e9gis AZARIAN\"},\"logo\":{\"@id\":\"https:\/\/razarian.fr\/site\/#\/schema\/person\/image\/\"},\"sameAs\":[\"http:\/\/razarian.fr\",\"https:\/\/fr.linkedin.com\/in\/azarian-rgis-69383744\"]}]}<\/script>\n<!-- \/ Yoast SEO plugin. -->","yoast_head_json":{"title":"Gestion de projet - Razarian","description":"Conseil, AMOA, Analyse Fonctionnelle, Gestion de projet, UX\/UA et Facteurs Humains, D\u00e9veloppement, SI, NTIC, A\u00e9ronautique","robots":{"index":"index","follow":"follow","max-snippet":"max-snippet:-1","max-image-preview":"max-image-preview:large","max-video-preview":"max-video-preview:-1"},"canonical":"http:\/\/razarian.fr\/site\/realisations\/gestion-de-projet\/","og_locale":"fr_FR","og_type":"article","og_title":"Gestion de projet - Razarian","og_description":"Conseil, AMOA, Analyse Fonctionnelle, Gestion de projet, UX\/UA et Facteurs Humains, D\u00e9veloppement, SI, NTIC, A\u00e9ronautique","og_url":"http:\/\/razarian.fr\/site\/realisations\/gestion-de-projet\/","og_site_name":"Razarian","article_modified_time":"2024-05-27T13:46:41+00:00","og_image":[{"width":1920,"height":1280,"url":"http:\/\/razarian.fr\/site\/wp-content\/uploads\/2017\/06\/network-1987209_1920.jpg","type":"image\/jpeg"}],"twitter_card":"summary_large_image","twitter_misc":{"Dur\u00e9e de lecture estim\u00e9e":"3 minutes"},"schema":{"@context":"https:\/\/schema.org","@graph":[{"@type":"WebPage","@id":"http:\/\/razarian.fr\/site\/realisations\/gestion-de-projet\/","url":"http:\/\/razarian.fr\/site\/realisations\/gestion-de-projet\/","name":"Gestion de projet - Razarian","isPartOf":{"@id":"https:\/\/razarian.fr\/site\/#website"},"primaryImageOfPage":{"@id":"http:\/\/razarian.fr\/site\/realisations\/gestion-de-projet\/#primaryimage"},"image":{"@id":"http:\/\/razarian.fr\/site\/realisations\/gestion-de-projet\/#primaryimage"},"thumbnailUrl":"http:\/\/razarian.fr\/site\/wp-content\/uploads\/2017\/06\/network-1987209_1920.jpg","datePublished":"2017-06-30T14:00:08+00:00","dateModified":"2024-05-27T13:46:41+00:00","description":"Conseil, AMOA, Analyse Fonctionnelle, Gestion de projet, UX\/UA et Facteurs Humains, D\u00e9veloppement, SI, NTIC, A\u00e9ronautique","breadcrumb":{"@id":"http:\/\/razarian.fr\/site\/realisations\/gestion-de-projet\/#breadcrumb"},"inLanguage":"fr-FR","potentialAction":[{"@type":"ReadAction","target":["http:\/\/razarian.fr\/site\/realisations\/gestion-de-projet\/"]}]},{"@type":"ImageObject","inLanguage":"fr-FR","@id":"http:\/\/razarian.fr\/site\/realisations\/gestion-de-projet\/#primaryimage","url":"http:\/\/razarian.fr\/site\/wp-content\/uploads\/2017\/06\/network-1987209_1920.jpg","contentUrl":"http:\/\/razarian.fr\/site\/wp-content\/uploads\/2017\/06\/network-1987209_1920.jpg","width":1920,"height":1280},{"@type":"BreadcrumbList","@id":"http:\/\/razarian.fr\/site\/realisations\/gestion-de-projet\/#breadcrumb","itemListElement":[{"@type":"ListItem","position":1,"name":"Accueil","item":"https:\/\/razarian.fr\/site\/"},{"@type":"ListItem","position":2,"name":"R\u00e9alisations","item":"http:\/\/razarian.fr\/site\/realisations\/"},{"@type":"ListItem","position":3,"name":"Gestion de projet"}]},{"@type":"WebSite","@id":"https:\/\/razarian.fr\/site\/#website","url":"https:\/\/razarian.fr\/site\/","name":"Razarian","description":"Des solutions utiles et agr\u00e9ables","publisher":{"@id":"https:\/\/razarian.fr\/site\/#\/schema\/person\/c6799a8880944d52f0591a9b7a2c5240"},"potentialAction":[{"@type":"SearchAction","target":{"@type":"EntryPoint","urlTemplate":"https:\/\/razarian.fr\/site\/?s={search_term_string}"},"query-input":"required name=search_term_string"}],"inLanguage":"fr-FR"},{"@type":["Person","Organization"],"@id":"https:\/\/razarian.fr\/site\/#\/schema\/person\/c6799a8880944d52f0591a9b7a2c5240","name":"R\u00e9gis AZARIAN","image":{"@type":"ImageObject","inLanguage":"fr-FR","@id":"https:\/\/razarian.fr\/site\/#\/schema\/person\/image\/","url":"http:\/\/razarian.fr\/site\/wp-content\/uploads\/2017\/06\/logo_tr_bl_razarian.png","contentUrl":"http:\/\/razarian.fr\/site\/wp-content\/uploads\/2017\/06\/logo_tr_bl_razarian.png","width":212,"height":70,"caption":"R\u00e9gis AZARIAN"},"logo":{"@id":"https:\/\/razarian.fr\/site\/#\/schema\/person\/image\/"},"sameAs":["http:\/\/razarian.fr","https:\/\/fr.linkedin.com\/in\/azarian-rgis-69383744"]}]}},"_links":{"self":[{"href":"http:\/\/razarian.fr\/site\/wp-json\/wp\/v2\/pages\/48"}],"collection":[{"href":"http:\/\/razarian.fr\/site\/wp-json\/wp\/v2\/pages"}],"about":[{"href":"http:\/\/razarian.fr\/site\/wp-json\/wp\/v2\/types\/page"}],"author":[{"embeddable":true,"href":"http:\/\/razarian.fr\/site\/wp-json\/wp\/v2\/users\/1"}],"replies":[{"embeddable":true,"href":"http:\/\/razarian.fr\/site\/wp-json\/wp\/v2\/comments?post=48"}],"version-history":[{"count":68,"href":"http:\/\/razarian.fr\/site\/wp-json\/wp\/v2\/pages\/48\/revisions"}],"predecessor-version":[{"id":504,"href":"http:\/\/razarian.fr\/site\/wp-json\/wp\/v2\/pages\/48\/revisions\/504"}],"up":[{"embeddable":true,"href":"http:\/\/razarian.fr\/site\/wp-json\/wp\/v2\/pages\/2"}],"wp:featuredmedia":[{"embeddable":true,"href":"http:\/\/razarian.fr\/site\/wp-json\/wp\/v2\/media\/118"}],"wp:attachment":[{"href":"http:\/\/razarian.fr\/site\/wp-json\/wp\/v2\/media?parent=48"}],"curies":[{"name":"wp","href":"https:\/\/api.w.org\/{rel}","templated":true}]}}