{"id":2,"date":"2017-01-29T23:49:11","date_gmt":"2017-01-29T22:49:11","guid":{"rendered":"http:\/\/razarian.fr\/site\/?page_id=2"},"modified":"2024-03-10T01:03:46","modified_gmt":"2024-03-10T00:03:46","slug":"realisations","status":"publish","type":"page","link":"https:\/\/razarian.fr\/site\/realisations\/","title":{"rendered":"R\u00e9alisations"},"content":{"rendered":"<p>Intervention sur toutes les phases d&rsquo;un projet.<\/p>\n<ul>\n<li>Recueil du besoin et Analyse des usages op\u00e9rationnels<\/li>\n<li>R\u00e9daction de sp\u00e9cifications fonctionnelles et techniques<\/li>\n<li>Conception, r\u00e9alisation, int\u00e9gration<\/li>\n<li>Suivi , support et am\u00e9lioration<\/li>\n<\/ul>\n<p>Principaux types d&rsquo;intervention<\/p>\n<ul>\n<li><a href=\"http:\/\/razarian.fr\/site\/realisations\/gestion-de-projet\/\">Gestion de projet<\/a><\/li>\n<li><a href=\"http:\/\/razarian.fr\/site\/realisations\/ux-et-facteurs-humains\/\">UX et Facteurs Humains<\/a><\/li>\n<li><a href=\"http:\/\/razarian.fr\/site\/realisations\/developpement-integration-support\/\">D\u00e9veloppement, Int\u00e9gration, Support<\/a><\/li>\n<\/ul>\n<p>Clients<\/p>\n<div style=\"background-color: white;\"><a href=\"http:\/\/www.ingeliance.com\/\" target=\"_blank\" rel=\"noopener noreferrer\"><img loading=\"lazy\" decoding=\"async\" class=\"alignnone wp-image-192\" src=\"http:\/\/razarian.fr\/site\/wp-content\/uploads\/2017\/06\/64100ALTEP_logo-bourget-300x104.jpg\" alt=\"\" width=\"182\" height=\"63\" srcset=\"https:\/\/razarian.fr\/site\/wp-content\/uploads\/2017\/06\/64100ALTEP_logo-bourget-300x104.jpg 300w, https:\/\/razarian.fr\/site\/wp-content\/uploads\/2017\/06\/64100ALTEP_logo-bourget-768x267.jpg 768w, https:\/\/razarian.fr\/site\/wp-content\/uploads\/2017\/06\/64100ALTEP_logo-bourget.jpg 925w\" sizes=\"(max-width: 182px) 100vw, 182px\" \/><\/a><a href=\"https:\/\/www.akka-technologies.com\/fr\" target=\"_blank\" rel=\"noopener noreferrer\">\u00a0 <img loading=\"lazy\" decoding=\"async\" class=\"alignnone wp-image-194\" src=\"http:\/\/razarian.fr\/site\/wp-content\/uploads\/2017\/06\/Akka-300x180.jpg\" alt=\"\" width=\"122\" height=\"73\" srcset=\"https:\/\/razarian.fr\/site\/wp-content\/uploads\/2017\/06\/Akka-300x180.jpg 300w, https:\/\/razarian.fr\/site\/wp-content\/uploads\/2017\/06\/Akka.jpg 500w\" sizes=\"(max-width: 122px) 100vw, 122px\" \/><\/a><a href=\"https:\/\/www.thalesgroup.com\/fr\/global\/activities\/aeronautique\" target=\"_blank\" rel=\"noopener noreferrer\"><img loading=\"lazy\" decoding=\"async\" class=\"alignnone wp-image-193\" src=\"http:\/\/razarian.fr\/site\/wp-content\/uploads\/2017\/06\/Thales_1346845331-300x74.png\" alt=\"\" width=\"215\" height=\"53\" srcset=\"https:\/\/razarian.fr\/site\/wp-content\/uploads\/2017\/06\/Thales_1346845331-300x74.png 300w, https:\/\/razarian.fr\/site\/wp-content\/uploads\/2017\/06\/Thales_1346845331-768x190.png 768w, https:\/\/razarian.fr\/site\/wp-content\/uploads\/2017\/06\/Thales_1346845331-1024x254.png 1024w\" sizes=\"(max-width: 215px) 100vw, 215px\" \/>\u00a0 <\/a><a href=\"http:\/\/fr.total.com\/fr\" target=\"_blank\" rel=\"noopener noreferrer\"><img loading=\"lazy\" decoding=\"async\" class=\"alignnone wp-image-298\" src=\"http:\/\/razarian.fr\/site\/wp-content\/uploads\/2017\/07\/Total-logo-300x120.png\" alt=\"\" width=\"168\" height=\"67\" srcset=\"https:\/\/razarian.fr\/site\/wp-content\/uploads\/2017\/07\/Total-logo-300x120.png 300w, https:\/\/razarian.fr\/site\/wp-content\/uploads\/2017\/07\/Total-logo-768x306.png 768w, https:\/\/razarian.fr\/site\/wp-content\/uploads\/2017\/07\/Total-logo-1024x409.png 1024w, https:\/\/razarian.fr\/site\/wp-content\/uploads\/2017\/07\/Total-logo.png 1534w\" sizes=\"(max-width: 168px) 100vw, 168px\" \/><\/a><a href=\"http:\/\/www.sanofi.fr\/l\/fr\/fr\/index.jsp\" target=\"_blank\" rel=\"noopener noreferrer\"><img loading=\"lazy\" decoding=\"async\" class=\"alignnone wp-image-190\" src=\"http:\/\/razarian.fr\/site\/wp-content\/uploads\/2017\/06\/Sanofi.svg-300x239.png\" alt=\"\" width=\"102\" height=\"81\" srcset=\"https:\/\/razarian.fr\/site\/wp-content\/uploads\/2017\/06\/Sanofi.svg-300x239.png 300w, https:\/\/razarian.fr\/site\/wp-content\/uploads\/2017\/06\/Sanofi.svg-768x611.png 768w, https:\/\/razarian.fr\/site\/wp-content\/uploads\/2017\/06\/Sanofi.svg-1024x814.png 1024w, https:\/\/razarian.fr\/site\/wp-content\/uploads\/2017\/06\/Sanofi.svg.png 1200w\" sizes=\"(max-width: 102px) 100vw, 102px\" \/><\/a> \u00a0 \u00a0 \u00a0<a href=\"http:\/\/razarian.fr\/site\/wp-content\/uploads\/2017\/06\/logodekra.jpg\"><img loading=\"lazy\" decoding=\"async\" class=\"alignnone wp-image-422 \" src=\"http:\/\/razarian.fr\/site\/wp-content\/uploads\/2017\/06\/logodekra-300x158.jpg\" alt=\"\" width=\"140\" height=\"74\" srcset=\"https:\/\/razarian.fr\/site\/wp-content\/uploads\/2017\/06\/logodekra-300x158.jpg 300w, https:\/\/razarian.fr\/site\/wp-content\/uploads\/2017\/06\/logodekra.jpg 485w\" sizes=\"(max-width: 140px) 100vw, 140px\" \/><\/a><\/div>\n\n\n<figure class=\"wp-block-image\"><img decoding=\"async\" src=\"blob:https:\/\/razarian.fr\/933fbe61-4f64-4028-9f50-16ab5a0a526a\" alt=\"\"\/><\/figure>\n","protected":false},"excerpt":{"rendered":"<p>Intervention sur toutes les phases d&rsquo;un projet. Recueil du besoin et Analyse des usages op\u00e9rationnels R\u00e9daction de sp\u00e9cifications fonctionnelles et techniques Conception, r\u00e9alisation, int\u00e9gration Suivi , support et am\u00e9lioration Principaux types d&rsquo;intervention Gestion de projet UX et Facteurs Humains D\u00e9veloppement, Int\u00e9gration, Support Clients \u00a0 \u00a0 \u00a0 \u00a0 \u00a0<\/p>\n","protected":false},"author":1,"featured_media":0,"parent":0,"menu_order":1,"comment_status":"open","ping_status":"open","template":"","meta":{"inline_featured_image":false,"footnotes":""},"yoast_head":"<!-- This site is optimized with the Yoast SEO plugin v22.2 - https:\/\/yoast.com\/wordpress\/plugins\/seo\/ -->\n<title>R\u00e9alisations - Razarian<\/title>\n<meta name=\"description\" content=\"Conseil, AMOA, Analyse Fonctionnelle, Gestion de projet, UX\/UA et Facteurs Humains, D\u00e9veloppement, SI, NTIC, A\u00e9ronautique\" \/>\n<meta name=\"robots\" content=\"index, follow, max-snippet:-1, max-image-preview:large, max-video-preview:-1\" \/>\n<link rel=\"canonical\" href=\"http:\/\/razarian.fr\/site\/realisations\/\" \/>\n<meta property=\"og:locale\" content=\"fr_FR\" \/>\n<meta property=\"og:type\" content=\"article\" \/>\n<meta property=\"og:title\" content=\"R\u00e9alisations - Razarian\" \/>\n<meta property=\"og:description\" content=\"Conseil, AMOA, Analyse Fonctionnelle, Gestion de projet, UX\/UA et Facteurs Humains, D\u00e9veloppement, SI, NTIC, A\u00e9ronautique\" \/>\n<meta property=\"og:url\" content=\"http:\/\/razarian.fr\/site\/realisations\/\" \/>\n<meta property=\"og:site_name\" content=\"Razarian\" \/>\n<meta property=\"article:modified_time\" content=\"2024-03-10T00:03:46+00:00\" \/>\n<meta property=\"og:image\" content=\"http:\/\/razarian.fr\/site\/wp-content\/uploads\/2017\/06\/64100ALTEP_logo-bourget-300x104.jpg\" \/>\n<meta name=\"twitter:card\" content=\"summary_large_image\" \/>\n<meta name=\"twitter:label1\" content=\"Dur\u00e9e de lecture estim\u00e9e\" \/>\n\t<meta name=\"twitter:data1\" content=\"2 minutes\" \/>\n<script type=\"application\/ld+json\" class=\"yoast-schema-graph\">{\"@context\":\"https:\/\/schema.org\",\"@graph\":[{\"@type\":\"WebPage\",\"@id\":\"http:\/\/razarian.fr\/site\/realisations\/\",\"url\":\"http:\/\/razarian.fr\/site\/realisations\/\",\"name\":\"R\u00e9alisations - Razarian\",\"isPartOf\":{\"@id\":\"https:\/\/razarian.fr\/site\/#website\"},\"primaryImageOfPage\":{\"@id\":\"http:\/\/razarian.fr\/site\/realisations\/#primaryimage\"},\"image\":{\"@id\":\"http:\/\/razarian.fr\/site\/realisations\/#primaryimage\"},\"thumbnailUrl\":\"http:\/\/razarian.fr\/site\/wp-content\/uploads\/2017\/06\/64100ALTEP_logo-bourget-300x104.jpg\",\"datePublished\":\"2017-01-29T22:49:11+00:00\",\"dateModified\":\"2024-03-10T00:03:46+00:00\",\"description\":\"Conseil, AMOA, Analyse Fonctionnelle, Gestion de projet, UX\/UA et Facteurs Humains, D\u00e9veloppement, SI, NTIC, A\u00e9ronautique\",\"breadcrumb\":{\"@id\":\"http:\/\/razarian.fr\/site\/realisations\/#breadcrumb\"},\"inLanguage\":\"fr-FR\",\"potentialAction\":[{\"@type\":\"ReadAction\",\"target\":[\"http:\/\/razarian.fr\/site\/realisations\/\"]}]},{\"@type\":\"ImageObject\",\"inLanguage\":\"fr-FR\",\"@id\":\"http:\/\/razarian.fr\/site\/realisations\/#primaryimage\",\"url\":\"https:\/\/razarian.fr\/site\/wp-content\/uploads\/2017\/06\/64100ALTEP_logo-bourget.jpg\",\"contentUrl\":\"https:\/\/razarian.fr\/site\/wp-content\/uploads\/2017\/06\/64100ALTEP_logo-bourget.jpg\",\"width\":925,\"height\":322},{\"@type\":\"BreadcrumbList\",\"@id\":\"http:\/\/razarian.fr\/site\/realisations\/#breadcrumb\",\"itemListElement\":[{\"@type\":\"ListItem\",\"position\":1,\"name\":\"Accueil\",\"item\":\"https:\/\/razarian.fr\/site\/\"},{\"@type\":\"ListItem\",\"position\":2,\"name\":\"R\u00e9alisations\"}]},{\"@type\":\"WebSite\",\"@id\":\"https:\/\/razarian.fr\/site\/#website\",\"url\":\"https:\/\/razarian.fr\/site\/\",\"name\":\"Razarian\",\"description\":\"Des solutions utiles et agr\u00e9ables\",\"publisher\":{\"@id\":\"https:\/\/razarian.fr\/site\/#\/schema\/person\/c6799a8880944d52f0591a9b7a2c5240\"},\"potentialAction\":[{\"@type\":\"SearchAction\",\"target\":{\"@type\":\"EntryPoint\",\"urlTemplate\":\"https:\/\/razarian.fr\/site\/?s={search_term_string}\"},\"query-input\":\"required name=search_term_string\"}],\"inLanguage\":\"fr-FR\"},{\"@type\":[\"Person\",\"Organization\"],\"@id\":\"https:\/\/razarian.fr\/site\/#\/schema\/person\/c6799a8880944d52f0591a9b7a2c5240\",\"name\":\"R\u00e9gis AZARIAN\",\"image\":{\"@type\":\"ImageObject\",\"inLanguage\":\"fr-FR\",\"@id\":\"https:\/\/razarian.fr\/site\/#\/schema\/person\/image\/\",\"url\":\"http:\/\/razarian.fr\/site\/wp-content\/uploads\/2017\/06\/logo_tr_bl_razarian.png\",\"contentUrl\":\"http:\/\/razarian.fr\/site\/wp-content\/uploads\/2017\/06\/logo_tr_bl_razarian.png\",\"width\":212,\"height\":70,\"caption\":\"R\u00e9gis AZARIAN\"},\"logo\":{\"@id\":\"https:\/\/razarian.fr\/site\/#\/schema\/person\/image\/\"},\"sameAs\":[\"http:\/\/razarian.fr\",\"https:\/\/fr.linkedin.com\/in\/azarian-rgis-69383744\"]}]}<\/script>\n<!-- \/ Yoast SEO plugin. -->","yoast_head_json":{"title":"R\u00e9alisations - Razarian","description":"Conseil, AMOA, Analyse Fonctionnelle, Gestion de projet, UX\/UA et Facteurs Humains, D\u00e9veloppement, SI, NTIC, A\u00e9ronautique","robots":{"index":"index","follow":"follow","max-snippet":"max-snippet:-1","max-image-preview":"max-image-preview:large","max-video-preview":"max-video-preview:-1"},"canonical":"http:\/\/razarian.fr\/site\/realisations\/","og_locale":"fr_FR","og_type":"article","og_title":"R\u00e9alisations - Razarian","og_description":"Conseil, AMOA, Analyse Fonctionnelle, Gestion de projet, UX\/UA et Facteurs Humains, D\u00e9veloppement, SI, NTIC, A\u00e9ronautique","og_url":"http:\/\/razarian.fr\/site\/realisations\/","og_site_name":"Razarian","article_modified_time":"2024-03-10T00:03:46+00:00","og_image":[{"url":"http:\/\/razarian.fr\/site\/wp-content\/uploads\/2017\/06\/64100ALTEP_logo-bourget-300x104.jpg"}],"twitter_card":"summary_large_image","twitter_misc":{"Dur\u00e9e de lecture estim\u00e9e":"2 minutes"},"schema":{"@context":"https:\/\/schema.org","@graph":[{"@type":"WebPage","@id":"http:\/\/razarian.fr\/site\/realisations\/","url":"http:\/\/razarian.fr\/site\/realisations\/","name":"R\u00e9alisations - Razarian","isPartOf":{"@id":"https:\/\/razarian.fr\/site\/#website"},"primaryImageOfPage":{"@id":"http:\/\/razarian.fr\/site\/realisations\/#primaryimage"},"image":{"@id":"http:\/\/razarian.fr\/site\/realisations\/#primaryimage"},"thumbnailUrl":"http:\/\/razarian.fr\/site\/wp-content\/uploads\/2017\/06\/64100ALTEP_logo-bourget-300x104.jpg","datePublished":"2017-01-29T22:49:11+00:00","dateModified":"2024-03-10T00:03:46+00:00","description":"Conseil, AMOA, Analyse Fonctionnelle, Gestion de projet, UX\/UA et Facteurs Humains, D\u00e9veloppement, SI, NTIC, A\u00e9ronautique","breadcrumb":{"@id":"http:\/\/razarian.fr\/site\/realisations\/#breadcrumb"},"inLanguage":"fr-FR","potentialAction":[{"@type":"ReadAction","target":["http:\/\/razarian.fr\/site\/realisations\/"]}]},{"@type":"ImageObject","inLanguage":"fr-FR","@id":"http:\/\/razarian.fr\/site\/realisations\/#primaryimage","url":"https:\/\/razarian.fr\/site\/wp-content\/uploads\/2017\/06\/64100ALTEP_logo-bourget.jpg","contentUrl":"https:\/\/razarian.fr\/site\/wp-content\/uploads\/2017\/06\/64100ALTEP_logo-bourget.jpg","width":925,"height":322},{"@type":"BreadcrumbList","@id":"http:\/\/razarian.fr\/site\/realisations\/#breadcrumb","itemListElement":[{"@type":"ListItem","position":1,"name":"Accueil","item":"https:\/\/razarian.fr\/site\/"},{"@type":"ListItem","position":2,"name":"R\u00e9alisations"}]},{"@type":"WebSite","@id":"https:\/\/razarian.fr\/site\/#website","url":"https:\/\/razarian.fr\/site\/","name":"Razarian","description":"Des solutions utiles et agr\u00e9ables","publisher":{"@id":"https:\/\/razarian.fr\/site\/#\/schema\/person\/c6799a8880944d52f0591a9b7a2c5240"},"potentialAction":[{"@type":"SearchAction","target":{"@type":"EntryPoint","urlTemplate":"https:\/\/razarian.fr\/site\/?s={search_term_string}"},"query-input":"required name=search_term_string"}],"inLanguage":"fr-FR"},{"@type":["Person","Organization"],"@id":"https:\/\/razarian.fr\/site\/#\/schema\/person\/c6799a8880944d52f0591a9b7a2c5240","name":"R\u00e9gis AZARIAN","image":{"@type":"ImageObject","inLanguage":"fr-FR","@id":"https:\/\/razarian.fr\/site\/#\/schema\/person\/image\/","url":"http:\/\/razarian.fr\/site\/wp-content\/uploads\/2017\/06\/logo_tr_bl_razarian.png","contentUrl":"http:\/\/razarian.fr\/site\/wp-content\/uploads\/2017\/06\/logo_tr_bl_razarian.png","width":212,"height":70,"caption":"R\u00e9gis AZARIAN"},"logo":{"@id":"https:\/\/razarian.fr\/site\/#\/schema\/person\/image\/"},"sameAs":["http:\/\/razarian.fr","https:\/\/fr.linkedin.com\/in\/azarian-rgis-69383744"]}]}},"_links":{"self":[{"href":"https:\/\/razarian.fr\/site\/wp-json\/wp\/v2\/pages\/2"}],"collection":[{"href":"https:\/\/razarian.fr\/site\/wp-json\/wp\/v2\/pages"}],"about":[{"href":"https:\/\/razarian.fr\/site\/wp-json\/wp\/v2\/types\/page"}],"author":[{"embeddable":true,"href":"https:\/\/razarian.fr\/site\/wp-json\/wp\/v2\/users\/1"}],"replies":[{"embeddable":true,"href":"https:\/\/razarian.fr\/site\/wp-json\/wp\/v2\/comments?post=2"}],"version-history":[{"count":18,"href":"https:\/\/razarian.fr\/site\/wp-json\/wp\/v2\/pages\/2\/revisions"}],"predecessor-version":[{"id":497,"href":"https:\/\/razarian.fr\/site\/wp-json\/wp\/v2\/pages\/2\/revisions\/497"}],"wp:attachment":[{"href":"https:\/\/razarian.fr\/site\/wp-json\/wp\/v2\/media?parent=2"}],"curies":[{"name":"wp","href":"https:\/\/api.w.org\/{rel}","templated":true}]}}