{"id":444,"date":"2019-10-24T22:47:58","date_gmt":"2019-10-24T21:47:58","guid":{"rendered":"http:\/\/razarian.fr\/site\/?page_id=444"},"modified":"2025-03-28T22:47:45","modified_gmt":"2025-03-28T21:47:45","slug":"exemples","status":"publish","type":"page","link":"https:\/\/razarian.fr\/site\/realisations\/exemples\/","title":{"rendered":"Exemples"},"content":{"rendered":"\n<h4 class=\"wp-block-heading\"><a href=\"https:\/\/razarian.fr\/site\/realisations\/exemples\/projet-gdc\/\" target=\"_blank\" rel=\"noreferrer noopener\">Projet GDC<\/a><\/h4>\n\n\n\n<p>Outil collaboratif de gestion de candidatures et CV d\u00e9di\u00e9 aux TPE, PME et ETI dont le capital principal est l&rsquo;humain. Ce logiciel peut \u00eatre int\u00e9grer en tant qu&rsquo;outil de recrutement parmi les modules d&rsquo;un SIRH . (<a href=\"https:\/\/razarian.fr\/site\/realisations\/exemples\/projet-gdc\/\" target=\"_blank\" rel=\"noreferrer noopener\">lien<\/a>)<\/p>\n\n\n\n<hr class=\"wp-block-separator has-css-opacity\"\/>\n\n\n\n<h4 class=\"wp-block-heading\"><a href=\"https:\/\/razarian.fr\/site\/realisations\/exemples\/projet-de-gestion-de-transferts-de-vehicules\/\" target=\"_blank\" rel=\"noreferrer noopener\">Projet de Gestion de Transferts de V\u00e9hicules<\/a><\/h4>\n\n\n\n<p>Solution web de gestion de transfert de responsabilit\u00e9 ou de propri\u00e9t\u00e9 de  flottes de v\u00e9hicules, incluant les logiciels de saisie de contr\u00f4les techniques et d&rsquo;aide \u00e0 la logistique. (<a href=\"https:\/\/razarian.fr\/site\/realisations\/exemples\/projet-de-gestion-de-transferts-de-vehicules\/\" target=\"_blank\" rel=\"noreferrer noopener\">lien<\/a>)<\/p>\n\n\n\n<hr class=\"wp-block-separator has-css-opacity\"\/>\n\n\n\n<h4 class=\"wp-block-heading\"><a href=\"https:\/\/razarian.fr\/site\/realisations\/exemples\/facteurs-humains-pour-les-systemes-de-cockpits\/\" target=\"_blank\" rel=\"noreferrer noopener\">Facteurs Humains pour les syst\u00e8mes de cockpits<\/a><\/h4>\n\n\n\n<p>Conseil en facteurs humains pour la conception et l&rsquo;am\u00e9lioration de syst\u00e8mes de navigation. Application d&rsquo;une d\u00e9marche d&rsquo;analyse centr\u00e9e sur l&rsquo;humain pour concevoir des IHM intuitives et s\u00fbre.  (<a href=\"https:\/\/razarian.fr\/site\/realisations\/exemples\/facteurs-humains-pour-les-systemes-de-cockpits\/\" target=\"_blank\" rel=\"noreferrer noopener\">lien<\/a>) <\/p>\n\n\n\n<p>\u00c9tudes, recherche et mise en \u0153uvre de solutions innovantes (<a href=\"https:\/\/patents.google.com\/patent\/US20100201544\" target=\"_blank\" rel=\"noreferrer noopener\">lien<\/a>)<\/p>\n","protected":false},"excerpt":{"rendered":"<p>Projet GDC Outil collaboratif de gestion de candidatures et CV d\u00e9di\u00e9 aux TPE, PME et ETI dont le capital principal est l&rsquo;humain. Ce logiciel peut \u00eatre int\u00e9grer en tant qu&rsquo;outil de recrutement parmi les modules d&rsquo;un SIRH . (lien) Projet de Gestion de Transferts de V\u00e9hicules Solution web de gestion de transfert de responsabilit\u00e9 ou [&hellip;]<\/p>\n","protected":false},"author":1,"featured_media":0,"parent":2,"menu_order":4,"comment_status":"closed","ping_status":"closed","template":"","meta":{"inline_featured_image":false,"footnotes":""},"yoast_head":"<!-- This site is optimized with the Yoast SEO plugin v22.2 - https:\/\/yoast.com\/wordpress\/plugins\/seo\/ -->\n<title>Exemples - Razarian<\/title>\n<meta name=\"description\" content=\"%exemples de r\u00e9alisations - %razarian.fr - GDC - cvtheque - gestion des comp\u00e9tences - R\u00e9gis AZARIAN - D\u00e9veloppement web - SIRH - ERP - PME - ETI - CV - Gestion de projet - demo\" \/>\n<meta name=\"robots\" content=\"index, follow, max-snippet:-1, max-image-preview:large, max-video-preview:-1\" \/>\n<link rel=\"canonical\" href=\"https:\/\/razarian.fr\/site\/realisations\/exemples\/\" \/>\n<meta property=\"og:locale\" content=\"fr_FR\" \/>\n<meta property=\"og:type\" content=\"article\" \/>\n<meta property=\"og:title\" content=\"Exemples - Razarian\" \/>\n<meta property=\"og:description\" content=\"%exemples de r\u00e9alisations - %razarian.fr - GDC - cvtheque - gestion des comp\u00e9tences - R\u00e9gis AZARIAN - D\u00e9veloppement web - SIRH - ERP - PME - ETI - CV - Gestion de projet - demo\" \/>\n<meta property=\"og:url\" content=\"https:\/\/razarian.fr\/site\/realisations\/exemples\/\" \/>\n<meta property=\"og:site_name\" content=\"Razarian\" \/>\n<meta property=\"article:modified_time\" content=\"2025-03-28T21:47:45+00:00\" \/>\n<meta name=\"twitter:card\" content=\"summary_large_image\" \/>\n<meta name=\"twitter:label1\" content=\"Dur\u00e9e de lecture estim\u00e9e\" \/>\n\t<meta name=\"twitter:data1\" content=\"1 minute\" \/>\n<script type=\"application\/ld+json\" class=\"yoast-schema-graph\">{\"@context\":\"https:\/\/schema.org\",\"@graph\":[{\"@type\":\"WebPage\",\"@id\":\"https:\/\/razarian.fr\/site\/realisations\/exemples\/\",\"url\":\"https:\/\/razarian.fr\/site\/realisations\/exemples\/\",\"name\":\"Exemples - Razarian\",\"isPartOf\":{\"@id\":\"https:\/\/razarian.fr\/site\/#website\"},\"datePublished\":\"2019-10-24T21:47:58+00:00\",\"dateModified\":\"2025-03-28T21:47:45+00:00\",\"description\":\"%exemples de r\u00e9alisations - %razarian.fr - GDC - cvtheque - gestion des comp\u00e9tences - R\u00e9gis AZARIAN - D\u00e9veloppement web - SIRH - ERP - PME - ETI - CV - Gestion de projet - demo\",\"breadcrumb\":{\"@id\":\"https:\/\/razarian.fr\/site\/realisations\/exemples\/#breadcrumb\"},\"inLanguage\":\"fr-FR\",\"potentialAction\":[{\"@type\":\"ReadAction\",\"target\":[\"https:\/\/razarian.fr\/site\/realisations\/exemples\/\"]}]},{\"@type\":\"BreadcrumbList\",\"@id\":\"https:\/\/razarian.fr\/site\/realisations\/exemples\/#breadcrumb\",\"itemListElement\":[{\"@type\":\"ListItem\",\"position\":1,\"name\":\"Accueil\",\"item\":\"https:\/\/razarian.fr\/site\/\"},{\"@type\":\"ListItem\",\"position\":2,\"name\":\"R\u00e9alisations\",\"item\":\"http:\/\/razarian.fr\/site\/realisations\/\"},{\"@type\":\"ListItem\",\"position\":3,\"name\":\"Exemples\"}]},{\"@type\":\"WebSite\",\"@id\":\"https:\/\/razarian.fr\/site\/#website\",\"url\":\"https:\/\/razarian.fr\/site\/\",\"name\":\"Razarian\",\"description\":\"Des solutions utiles et agr\u00e9ables\",\"publisher\":{\"@id\":\"https:\/\/razarian.fr\/site\/#\/schema\/person\/c6799a8880944d52f0591a9b7a2c5240\"},\"potentialAction\":[{\"@type\":\"SearchAction\",\"target\":{\"@type\":\"EntryPoint\",\"urlTemplate\":\"https:\/\/razarian.fr\/site\/?s={search_term_string}\"},\"query-input\":\"required name=search_term_string\"}],\"inLanguage\":\"fr-FR\"},{\"@type\":[\"Person\",\"Organization\"],\"@id\":\"https:\/\/razarian.fr\/site\/#\/schema\/person\/c6799a8880944d52f0591a9b7a2c5240\",\"name\":\"R\u00e9gis AZARIAN\",\"image\":{\"@type\":\"ImageObject\",\"inLanguage\":\"fr-FR\",\"@id\":\"https:\/\/razarian.fr\/site\/#\/schema\/person\/image\/\",\"url\":\"http:\/\/razarian.fr\/site\/wp-content\/uploads\/2017\/06\/logo_tr_bl_razarian.png\",\"contentUrl\":\"http:\/\/razarian.fr\/site\/wp-content\/uploads\/2017\/06\/logo_tr_bl_razarian.png\",\"width\":212,\"height\":70,\"caption\":\"R\u00e9gis AZARIAN\"},\"logo\":{\"@id\":\"https:\/\/razarian.fr\/site\/#\/schema\/person\/image\/\"},\"sameAs\":[\"http:\/\/razarian.fr\",\"https:\/\/fr.linkedin.com\/in\/azarian-rgis-69383744\"]}]}<\/script>\n<!-- \/ Yoast SEO plugin. -->","yoast_head_json":{"title":"Exemples - Razarian","description":"%exemples de r\u00e9alisations - %razarian.fr - GDC - cvtheque - gestion des comp\u00e9tences - R\u00e9gis AZARIAN - D\u00e9veloppement web - SIRH - ERP - PME - ETI - CV - Gestion de projet - demo","robots":{"index":"index","follow":"follow","max-snippet":"max-snippet:-1","max-image-preview":"max-image-preview:large","max-video-preview":"max-video-preview:-1"},"canonical":"https:\/\/razarian.fr\/site\/realisations\/exemples\/","og_locale":"fr_FR","og_type":"article","og_title":"Exemples - Razarian","og_description":"%exemples de r\u00e9alisations - %razarian.fr - GDC - cvtheque - gestion des comp\u00e9tences - R\u00e9gis AZARIAN - D\u00e9veloppement web - SIRH - ERP - PME - ETI - CV - Gestion de projet - demo","og_url":"https:\/\/razarian.fr\/site\/realisations\/exemples\/","og_site_name":"Razarian","article_modified_time":"2025-03-28T21:47:45+00:00","twitter_card":"summary_large_image","twitter_misc":{"Dur\u00e9e de lecture estim\u00e9e":"1 minute"},"schema":{"@context":"https:\/\/schema.org","@graph":[{"@type":"WebPage","@id":"https:\/\/razarian.fr\/site\/realisations\/exemples\/","url":"https:\/\/razarian.fr\/site\/realisations\/exemples\/","name":"Exemples - Razarian","isPartOf":{"@id":"https:\/\/razarian.fr\/site\/#website"},"datePublished":"2019-10-24T21:47:58+00:00","dateModified":"2025-03-28T21:47:45+00:00","description":"%exemples de r\u00e9alisations - %razarian.fr - GDC - cvtheque - gestion des comp\u00e9tences - R\u00e9gis AZARIAN - D\u00e9veloppement web - SIRH - ERP - PME - ETI - CV - Gestion de projet - demo","breadcrumb":{"@id":"https:\/\/razarian.fr\/site\/realisations\/exemples\/#breadcrumb"},"inLanguage":"fr-FR","potentialAction":[{"@type":"ReadAction","target":["https:\/\/razarian.fr\/site\/realisations\/exemples\/"]}]},{"@type":"BreadcrumbList","@id":"https:\/\/razarian.fr\/site\/realisations\/exemples\/#breadcrumb","itemListElement":[{"@type":"ListItem","position":1,"name":"Accueil","item":"https:\/\/razarian.fr\/site\/"},{"@type":"ListItem","position":2,"name":"R\u00e9alisations","item":"http:\/\/razarian.fr\/site\/realisations\/"},{"@type":"ListItem","position":3,"name":"Exemples"}]},{"@type":"WebSite","@id":"https:\/\/razarian.fr\/site\/#website","url":"https:\/\/razarian.fr\/site\/","name":"Razarian","description":"Des solutions utiles et agr\u00e9ables","publisher":{"@id":"https:\/\/razarian.fr\/site\/#\/schema\/person\/c6799a8880944d52f0591a9b7a2c5240"},"potentialAction":[{"@type":"SearchAction","target":{"@type":"EntryPoint","urlTemplate":"https:\/\/razarian.fr\/site\/?s={search_term_string}"},"query-input":"required name=search_term_string"}],"inLanguage":"fr-FR"},{"@type":["Person","Organization"],"@id":"https:\/\/razarian.fr\/site\/#\/schema\/person\/c6799a8880944d52f0591a9b7a2c5240","name":"R\u00e9gis AZARIAN","image":{"@type":"ImageObject","inLanguage":"fr-FR","@id":"https:\/\/razarian.fr\/site\/#\/schema\/person\/image\/","url":"http:\/\/razarian.fr\/site\/wp-content\/uploads\/2017\/06\/logo_tr_bl_razarian.png","contentUrl":"http:\/\/razarian.fr\/site\/wp-content\/uploads\/2017\/06\/logo_tr_bl_razarian.png","width":212,"height":70,"caption":"R\u00e9gis AZARIAN"},"logo":{"@id":"https:\/\/razarian.fr\/site\/#\/schema\/person\/image\/"},"sameAs":["http:\/\/razarian.fr","https:\/\/fr.linkedin.com\/in\/azarian-rgis-69383744"]}]}},"_links":{"self":[{"href":"https:\/\/razarian.fr\/site\/wp-json\/wp\/v2\/pages\/444"}],"collection":[{"href":"https:\/\/razarian.fr\/site\/wp-json\/wp\/v2\/pages"}],"about":[{"href":"https:\/\/razarian.fr\/site\/wp-json\/wp\/v2\/types\/page"}],"author":[{"embeddable":true,"href":"https:\/\/razarian.fr\/site\/wp-json\/wp\/v2\/users\/1"}],"replies":[{"embeddable":true,"href":"https:\/\/razarian.fr\/site\/wp-json\/wp\/v2\/comments?post=444"}],"version-history":[{"count":27,"href":"https:\/\/razarian.fr\/site\/wp-json\/wp\/v2\/pages\/444\/revisions"}],"predecessor-version":[{"id":643,"href":"https:\/\/razarian.fr\/site\/wp-json\/wp\/v2\/pages\/444\/revisions\/643"}],"up":[{"embeddable":true,"href":"https:\/\/razarian.fr\/site\/wp-json\/wp\/v2\/pages\/2"}],"wp:attachment":[{"href":"https:\/\/razarian.fr\/site\/wp-json\/wp\/v2\/media?parent=444"}],"curies":[{"name":"wp","href":"https:\/\/api.w.org\/{rel}","templated":true}]}}